{"id":697,"date":"2012-12-06T10:56:38","date_gmt":"2012-12-06T08:56:38","guid":{"rendered":"http:\/\/www.heavenmakers.com\/?page_id=697"},"modified":"2012-12-06T10:58:07","modified_gmt":"2012-12-06T08:58:07","slug":"imprint-impressum","status":"publish","type":"page","link":"https:\/\/www.heavenmakers.com\/?page_id=697","title":{"rendered":"Imprint \/ Impressum"},"content":{"rendered":"<p><strong>Dieser Onlineservice wird betrieben und herausgegeben von:<\/strong><\/p>\n<p>Craig Herbertson<\/p>\n<p>Elberfelder Str 5<\/p>\n<p>58452 Witten<\/p>\n<p>Germany<\/p>\n<p>E-Mail: contact@craigherbertson.com<\/p>\n<p>Tax-No. \/ Steuer-Nr. 348 \/ 5073 \/ 1383<\/p>\n<p>Inhaltlich Verantwortlicher gem\u00e4\u00df \u00a7 55 Rundfunkstaatsvertrag:<\/p>\n<p>Craig Herbertson<\/p>\n<p>Elberfelder Str 5<\/p>\n<p>58452 Witten<\/p>\n<p>Germany<\/p>\n<p>E-Mail: contact@craigherbertson.com<\/p>\n<p>Haftungshinweis: Trotz sorgf\u00e4ltiger inhaltlicher Kontrolle \u00fcbernehmen wir keine Haftung f\u00fcr die Inhalte externer Links. F\u00fcr den Inhalt der verlinkten Seiten sind ausschlie\u00dflich deren Betreiber verantwortlich.<\/p>\n<p><strong>Google Analytics<\/strong><\/p>\n<p>Diese Website benutzt Google Analytics, einen Webanalysedienst der Google Inc. (\u201eGoogle\u201c). Google Analytics verwendet sog. \u201eCookies\u201c, Textdateien, die auf Ihrem Computer gespeichert werden und die eine Analyse der Benutzung der Website durch Sie erm\u00f6glichen. Die durch den Cookie erzeugten Informationen \u00fcber Ihre Benutzung dieser Website werden in der Regel an einen Server von Google in den USA \u00fcbertragen und dort gespeichert. Im Falle der Aktivierung der IP-Anonymisierung auf dieser Webseite, wird Ihre IP-Adresse von Google jedoch innerhalb von Mitgliedstaaten der Europ\u00e4ischen Union oder in anderen Vertragsstaaten des Abkommens \u00fcber den Europ\u00e4ischen Wirtschaftsraum zuvor gek\u00fcrzt. Nur in Ausnahmef\u00e4llen wird die volle IP-Adresse an einen Server von Google in den USA \u00fcbertragen und dort gek\u00fcrzt. Im Auftrag des Betreibers dieser Website wird Google diese Informationen benutzen, um Ihre Nutzung der Website auszuwerten, um Reports \u00fcber die Websiteaktivit\u00e4ten zusammenzustellen und um weitere mit der Websitenutzung und der Internetnutzung verbundene Dienstleistungen gegen\u00fcber dem Websitebetreiber zu erbringenDie im Rahmen von Google Analytics von Ihrem Browser \u00fcbermittelte IP-Adresse wird nicht mit anderen Daten von Google zusammengef\u00fchrt. Sie k\u00f6nnen die Speicherung der Cookies durch eine entsprechende Einstellung Ihrer Browser-Software verhindern; wir weisen Sie jedoch darauf hin, dass Sie in diesem Fall gegebenenfalls nicht s\u00e4mtliche Funktionen dieser Website vollumf\u00e4nglich werden nutzen k\u00f6nnen. Sie k\u00f6nnen dar\u00fcber hinaus die Erfassung der durch das Cookie erzeugten und auf Ihre Nutzung der Website bezogenen Daten (inkl. Ihrer IP-Adresse) an Google sowie die Verarbeitung dieser Daten durch Google verhindern, indem sie das unter dem folgenden Link verf\u00fcgbare Browser-Plugin herunterladen und installieren:<\/p>\n<p><a href=\"http:\/\/tools.google.com\/dlpage\/gaoptout?hl=de\" target=\"_blank\">http:\/\/tools.google.com\/dlpage\/gaoptout?hl=de<\/a>.<\/p>\n<p><strong>Social Plugins von Facebook<\/strong><\/p>\n<p>Wir verwenden Social Plugins von facebook.com, betrieben durch Facebook Inc., 1601 S. California Ave, Palo Alto, CA 94304, USA. Die Plugins sind an dem Facebook Logo oder dem Zusatz &#8220;Facebook Social Plugin&#8221; zu erkennen. Wenn Sie z.B. den &#8220;Gef\u00e4llt mir&#8221; Button anklicken oder einen Kommentar abgeben, wird die entsprechende Information von Ihrem Browser direkt an Facebook \u00fcbermittelt und dort gespeichert. Weiterhin macht Facebook Ihre Vorlieben f\u00fcr Ihre Facebook-Freunde \u00f6ffentlich. Sind Sie bei Facebook eingeloggt, kann Facebook den Aufruf unserer Seite Ihrem Facebook-Konto direkt zuordnen. Auch wenn Sie nicht eingeloggt sind oder gar kein Facebook-Konto besitzen, \u00fcbermittelt Ihr Browser Informationen (z.B. welchen Webseite Sie auf-gerufen haben, Ihre IP-Adresse), die von Facebook gespeichert werden. Details zum Umgang mit Ihren pers\u00f6nlichen Daten durch Facebook sowie Ihren diesbez\u00fcglichen Rechten entnehmen Sie bitte den Datenschutzhinweisen von Facebook:<\/p>\n<p><a href=\"http:\/\/www.facebook.com\/policy.php\" target=\"_blank\">http:\/\/www.facebook.com\/policy.php<\/a>.<\/p>\n<p>Wenn Sie nicht m\u00f6chten, dass Facebook die \u00fcber unsere Webseiten \u00fcber Sie gesammelten Daten Ihrem Facebook-Konto zuordnet, m\u00fcssen Sie sich vor Ihrem Besuch unserer Webseiten bei Facebook ausloggen.<\/p>\n<p><strong>Social Plugins von Twitter<\/strong><\/p>\n<p>Wir verwenden mit Twitter und den Re-Tweet-Funktionen sog. &#8220;Social Plugins&#8221; von twitter.com, betrieben durch die Twitter Inc. 795 Folsom St., Suite 600, San Francisco, CA 94107. Wenn Sie die Re-Tweet Funktionen nutzen, werden die von Ihnen besuchten Webseiten Dritten bekanntgegeben und mit Ihrem Twitter-Account verbunden. Details zum Umgang mit Ihren Daten durch Twitter sowie zu Ihren Rechten und Einstellungsm\u00f6glichkeiten zum Schutz Ihrer pers\u00f6nlichen Daten k\u00f6nnen Sie den Datenschutzhinweisen von Twitter entnehmen:<\/p>\n<p><a href=\"http:\/\/twitter.com\/privacy \" target=\"_blank\">http:\/\/twitter.com\/privacy<\/a><\/p>\n","protected":false},"excerpt":{"rendered":"<p>Dieser Onlineservice wird betrieben und herausgegeben von: Craig Herbertson Elberfelder Str 5 58452 Witten Germany E-Mail: contact@craigherbertson.com Tax-No. \/ Steuer-Nr. 348 \/ 5073 \/ 1383 Inhaltlich Verantwortlicher gem\u00e4\u00df \u00a7 55 Rundfunkstaatsvertrag: Craig Herbertson Elberfelder Str 5 58452 Witten Germany E-Mail: contact@craigherbertson.com Haftungshinweis: Trotz sorgf\u00e4ltiger inhaltlicher Kontrolle \u00fcbernehmen wir keine Haftung f\u00fcr die Inhalte externer Links. [&hellip;]<\/p>\n","protected":false},"author":1,"featured_media":0,"parent":2,"menu_order":2,"comment_status":"open","ping_status":"open","template":"","meta":{"footnotes":""},"class_list":["post-697","page","type-page","status-publish","hentry"],"_links":{"self":[{"href":"https:\/\/www.heavenmakers.com\/index.php?rest_route=\/wp\/v2\/pages\/697","targetHints":{"allow":["GET"]}}],"collection":[{"href":"https:\/\/www.heavenmakers.com\/index.php?rest_route=\/wp\/v2\/pages"}],"about":[{"href":"https:\/\/www.heavenmakers.com\/index.php?rest_route=\/wp\/v2\/types\/page"}],"author":[{"embeddable":true,"href":"https:\/\/www.heavenmakers.com\/index.php?rest_route=\/wp\/v2\/users\/1"}],"replies":[{"embeddable":true,"href":"https:\/\/www.heavenmakers.com\/index.php?rest_route=%2Fwp%2Fv2%2Fcomments&post=697"}],"version-history":[{"count":3,"href":"https:\/\/www.heavenmakers.com\/index.php?rest_route=\/wp\/v2\/pages\/697\/revisions"}],"predecessor-version":[{"id":756,"href":"https:\/\/www.heavenmakers.com\/index.php?rest_route=\/wp\/v2\/pages\/697\/revisions\/756"}],"up":[{"embeddable":true,"href":"https:\/\/www.heavenmakers.com\/index.php?rest_route=\/wp\/v2\/pages\/2"}],"wp:attachment":[{"href":"https:\/\/www.heavenmakers.com\/index.php?rest_route=%2Fwp%2Fv2%2Fmedia&parent=697"}],"curies":[{"name":"wp","href":"https:\/\/api.w.org\/{rel}","templated":true}]}}